{"id":1060,"date":"2021-02-05T10:23:37","date_gmt":"2021-02-05T15:23:37","guid":{"rendered":"https:\/\/investinmanizales.org\/?page_id=1060"},"modified":"2024-09-26T22:12:23","modified_gmt":"2024-09-27T03:12:23","slug":"nosotros-2","status":"publish","type":"page","link":"https:\/\/investinmanizales.org\/en\/nosotros-2\/","title":{"rendered":"About us"},"content":{"rendered":"<div data-elementor-type=\"wp-page\" data-elementor-id=\"1060\" class=\"elementor elementor-1060\" data-elementor-settings=\"{&quot;ha_cmc_init_switcher&quot;:&quot;no&quot;}\" data-elementor-post-type=\"page\">\n\t\t\t\t\t\t<section class=\"elementor-section elementor-top-section elementor-element elementor-element-1cbd9f6 elementor-section-full_width elementor-section-stretched elementor-section-height-default elementor-section-height-default\" data-id=\"1cbd9f6\" data-element_type=\"section\" data-e-type=\"section\" data-settings=\"{&quot;stretch_section&quot;:&quot;section-stretched&quot;,&quot;_ha_eqh_enable&quot;:false}\">\n\t\t\t\t\t\t<div class=\"elementor-container elementor-column-gap-no\">\n\t\t\t\t\t<div class=\"elementor-column elementor-col-100 elementor-top-column elementor-element elementor-element-56ab837\" data-id=\"56ab837\" data-element_type=\"column\" data-e-type=\"column\">\n\t\t\t<div class=\"elementor-widget-wrap elementor-element-populated\">\n\t\t\t\t\t\t<div class=\"elementor-element elementor-element-c0dfbcd elementor-widget__width-inherit elementor-widget elementor-widget-image\" data-id=\"c0dfbcd\" data-element_type=\"widget\" data-e-type=\"widget\" data-widget_type=\"image.default\">\n\t\t\t\t<div class=\"elementor-widget-container\">\n\t\t\t\t\t\t\t\t\t\t\t\t\t\t\t<img fetchpriority=\"high\" decoding=\"async\" width=\"1920\" height=\"531\" src=\"https:\/\/investinmanizales.org\/wp-content\/uploads\/2023\/03\/Nosotros_02.png\" class=\"attachment-full size-full wp-image-3150\" alt=\"\" srcset=\"https:\/\/investinmanizales.org\/wp-content\/uploads\/2023\/03\/Nosotros_02.png 1920w, https:\/\/investinmanizales.org\/wp-content\/uploads\/2023\/03\/Nosotros_02-300x83.png 300w, https:\/\/investinmanizales.org\/wp-content\/uploads\/2023\/03\/Nosotros_02-1024x283.png 1024w, https:\/\/investinmanizales.org\/wp-content\/uploads\/2023\/03\/Nosotros_02-768x212.png 768w, https:\/\/investinmanizales.org\/wp-content\/uploads\/2023\/03\/Nosotros_02-1536x425.png 1536w, https:\/\/investinmanizales.org\/wp-content\/uploads\/2023\/03\/Nosotros_02-18x5.png 18w, https:\/\/investinmanizales.org\/wp-content\/uploads\/2023\/03\/Nosotros_02-600x166.png 600w\" sizes=\"(max-width: 1920px) 100vw, 1920px\" \/>\t\t\t\t\t\t\t\t\t\t\t\t\t\t\t<\/div>\n\t\t\t\t<\/div>\n\t\t\t\t\t<\/div>\n\t\t<\/div>\n\t\t\t\t\t<\/div>\n\t\t<\/section>\n\t\t\t\t<section class=\"elementor-section elementor-top-section elementor-element elementor-element-913ca64 elementor-section-full_width elementor-section-height-default elementor-section-height-default\" data-id=\"913ca64\" data-element_type=\"section\" data-e-type=\"section\" data-settings=\"{&quot;_ha_eqh_enable&quot;:false}\">\n\t\t\t\t\t\t<div class=\"elementor-container elementor-column-gap-default\">\n\t\t\t\t\t<div class=\"elementor-column elementor-col-100 elementor-top-column elementor-element elementor-element-f64ae81\" data-id=\"f64ae81\" data-element_type=\"column\" data-e-type=\"column\">\n\t\t\t<div class=\"elementor-widget-wrap elementor-element-populated\">\n\t\t\t\t\t\t<section class=\"elementor-section elementor-inner-section elementor-element elementor-element-a75a3ec elementor-section-full_width elementor-section-height-default elementor-section-height-default\" data-id=\"a75a3ec\" data-element_type=\"section\" data-e-type=\"section\" data-settings=\"{&quot;_ha_eqh_enable&quot;:false}\">\n\t\t\t\t\t\t<div class=\"elementor-container elementor-column-gap-default\">\n\t\t\t\t\t<div class=\"elementor-column elementor-col-33 elementor-inner-column elementor-element elementor-element-ac02936\" data-id=\"ac02936\" data-element_type=\"column\" data-e-type=\"column\">\n\t\t\t<div class=\"elementor-widget-wrap elementor-element-populated\">\n\t\t\t\t\t\t<div class=\"elementor-element elementor-element-fc1401c elementor-widget elementor-widget-heading\" data-id=\"fc1401c\" data-element_type=\"widget\" data-e-type=\"widget\" data-widget_type=\"heading.default\">\n\t\t\t\t<div class=\"elementor-widget-container\">\n\t\t\t\t\t<h2 class=\"elementor-heading-title elementor-size-default\">\u00bfQui\u00e9nes<br>somos?<\/h2>\t\t\t\t<\/div>\n\t\t\t\t<\/div>\n\t\t\t\t<div class=\"elementor-element elementor-element-8ec27bd elementor-widget elementor-widget-text-editor\" data-id=\"8ec27bd\" data-element_type=\"widget\" data-e-type=\"widget\" data-widget_type=\"text-editor.default\">\n\t\t\t\t<div class=\"elementor-widget-container\">\n\t\t\t\t\t\t\t\t\t<p>Somos la agencia que promueve a Manizales y Caldas a nivel nacional e internacional en materia de inversi\u00f3n.<\/p><p>Somos una alianza entre la C\u00e1mara de Comercio de Manizales por Caldas, La Gobernaci\u00f3n de Caldas y La Alcald\u00eda de Manizales.<\/p>\t\t\t\t\t\t\t\t<\/div>\n\t\t\t\t<\/div>\n\t\t\t\t\t<\/div>\n\t\t<\/div>\n\t\t\t\t<div class=\"elementor-column elementor-col-33 elementor-inner-column elementor-element elementor-element-a446e40\" data-id=\"a446e40\" data-element_type=\"column\" data-e-type=\"column\">\n\t\t\t<div class=\"elementor-widget-wrap elementor-element-populated\">\n\t\t\t\t\t\t<div class=\"elementor-element elementor-element-9733692 elementor-widget elementor-widget-heading\" data-id=\"9733692\" data-element_type=\"widget\" data-e-type=\"widget\" data-widget_type=\"heading.default\">\n\t\t\t\t<div class=\"elementor-widget-container\">\n\t\t\t\t\t<h2 class=\"elementor-heading-title elementor-size-default\">Nuestra <br>raz\u00f3n de ser<\/h2>\t\t\t\t<\/div>\n\t\t\t\t<\/div>\n\t\t\t\t<div class=\"elementor-element elementor-element-0a697a7 elementor-widget elementor-widget-text-editor\" data-id=\"0a697a7\" data-element_type=\"widget\" data-e-type=\"widget\" data-widget_type=\"text-editor.default\">\n\t\t\t\t<div class=\"elementor-widget-container\">\n\t\t\t\t\t\t\t\t\t<p>Ser el promotor n\u00famero uno de Manizales y Caldas en el mundo, para atraer empresarios, generar empleo y transferir conocimiento.<\/p><p>Brindar asesor\u00eda a los inversionistas en cada etapa del proceso para tomar las mejores decisiones y con mayor rapidez.<\/p>\t\t\t\t\t\t\t\t<\/div>\n\t\t\t\t<\/div>\n\t\t\t\t\t<\/div>\n\t\t<\/div>\n\t\t\t\t<div class=\"elementor-column elementor-col-33 elementor-inner-column elementor-element elementor-element-69522ff\" data-id=\"69522ff\" data-element_type=\"column\" data-e-type=\"column\">\n\t\t\t<div class=\"elementor-widget-wrap elementor-element-populated\">\n\t\t\t\t\t\t<div class=\"elementor-element elementor-element-01d571e elementor-widget elementor-widget-heading\" data-id=\"01d571e\" data-element_type=\"widget\" data-e-type=\"widget\" data-widget_type=\"heading.default\">\n\t\t\t\t<div class=\"elementor-widget-container\">\n\t\t\t\t\t<h2 class=\"elementor-heading-title elementor-size-default\">Promesa<br>de valor<\/h2>\t\t\t\t<\/div>\n\t\t\t\t<\/div>\n\t\t\t\t<div class=\"elementor-element elementor-element-d19deb7 elementor-widget elementor-widget-text-editor\" data-id=\"d19deb7\" data-element_type=\"widget\" data-e-type=\"widget\" data-widget_type=\"text-editor.default\">\n\t\t\t\t<div class=\"elementor-widget-container\">\n\t\t\t\t\t\t\t\t\t<p>Brindar asesor\u00eda sin costo y de forma totalmente confidencial a los inversionistas para realizar negocios.<\/p>\t\t\t\t\t\t\t\t<\/div>\n\t\t\t\t<\/div>\n\t\t\t\t\t<\/div>\n\t\t<\/div>\n\t\t\t\t\t<\/div>\n\t\t<\/section>\n\t\t\t\t\t<\/div>\n\t\t<\/div>\n\t\t\t\t\t<\/div>\n\t\t<\/section>\n\t\t\t\t<section class=\"elementor-section elementor-top-section elementor-element elementor-element-dc0ef2c elementor-section-full_width elementor-section-height-default elementor-section-height-default\" data-id=\"dc0ef2c\" data-element_type=\"section\" data-e-type=\"section\" data-settings=\"{&quot;_ha_eqh_enable&quot;:false}\">\n\t\t\t\t\t\t<div class=\"elementor-container elementor-column-gap-default\">\n\t\t\t\t\t<div class=\"elementor-column elementor-col-100 elementor-top-column elementor-element elementor-element-e5fffc0\" data-id=\"e5fffc0\" data-element_type=\"column\" data-e-type=\"column\">\n\t\t\t<div class=\"elementor-widget-wrap elementor-element-populated\">\n\t\t\t\t\t\t<div class=\"elementor-element elementor-element-fe7f5f8 elementor-widget elementor-widget-image\" data-id=\"fe7f5f8\" data-element_type=\"widget\" data-e-type=\"widget\" data-widget_type=\"image.default\">\n\t\t\t\t<div class=\"elementor-widget-container\">\n\t\t\t\t\t\t\t\t\t\t\t\t\t\t\t<img decoding=\"async\" width=\"1920\" height=\"559\" src=\"https:\/\/investinmanizales.org\/wp-content\/uploads\/2023\/03\/Nosotros_04.png\" class=\"attachment-full size-full wp-image-3156\" alt=\"\" srcset=\"https:\/\/investinmanizales.org\/wp-content\/uploads\/2023\/03\/Nosotros_04.png 1920w, https:\/\/investinmanizales.org\/wp-content\/uploads\/2023\/03\/Nosotros_04-300x87.png 300w, https:\/\/investinmanizales.org\/wp-content\/uploads\/2023\/03\/Nosotros_04-1024x298.png 1024w, https:\/\/investinmanizales.org\/wp-content\/uploads\/2023\/03\/Nosotros_04-768x224.png 768w, https:\/\/investinmanizales.org\/wp-content\/uploads\/2023\/03\/Nosotros_04-1536x447.png 1536w, https:\/\/investinmanizales.org\/wp-content\/uploads\/2023\/03\/Nosotros_04-18x5.png 18w, https:\/\/investinmanizales.org\/wp-content\/uploads\/2023\/03\/Nosotros_04-600x175.png 600w\" sizes=\"(max-width: 1920px) 100vw, 1920px\" \/>\t\t\t\t\t\t\t\t\t\t\t\t\t\t\t<\/div>\n\t\t\t\t<\/div>\n\t\t\t\t\t<\/div>\n\t\t<\/div>\n\t\t\t\t\t<\/div>\n\t\t<\/section>\n\t\t\t\t<section class=\"elementor-section elementor-top-section elementor-element elementor-element-140a1df elementor-section-full_width elementor-section-height-default elementor-section-height-default\" data-id=\"140a1df\" data-element_type=\"section\" data-e-type=\"section\" data-settings=\"{&quot;_ha_eqh_enable&quot;:false}\">\n\t\t\t\t\t\t<div class=\"elementor-container elementor-column-gap-default\">\n\t\t\t\t\t<div class=\"elementor-column elementor-col-100 elementor-top-column elementor-element elementor-element-506beed\" data-id=\"506beed\" data-element_type=\"column\" data-e-type=\"column\">\n\t\t\t<div class=\"elementor-widget-wrap elementor-element-populated\">\n\t\t\t\t\t\t<div class=\"elementor-element elementor-element-9d767fb elementor-widget elementor-widget-image\" data-id=\"9d767fb\" data-element_type=\"widget\" data-e-type=\"widget\" data-widget_type=\"image.default\">\n\t\t\t\t<div class=\"elementor-widget-container\">\n\t\t\t\t\t\t\t\t\t\t\t\t\t\t\t<img decoding=\"async\" width=\"1920\" height=\"746\" src=\"https:\/\/investinmanizales.org\/wp-content\/uploads\/2023\/03\/Nosotros_05.png\" class=\"attachment-full size-full wp-image-3157\" alt=\"\" srcset=\"https:\/\/investinmanizales.org\/wp-content\/uploads\/2023\/03\/Nosotros_05.png 1920w, https:\/\/investinmanizales.org\/wp-content\/uploads\/2023\/03\/Nosotros_05-300x117.png 300w, https:\/\/investinmanizales.org\/wp-content\/uploads\/2023\/03\/Nosotros_05-1024x398.png 1024w, https:\/\/investinmanizales.org\/wp-content\/uploads\/2023\/03\/Nosotros_05-768x298.png 768w, https:\/\/investinmanizales.org\/wp-content\/uploads\/2023\/03\/Nosotros_05-1536x597.png 1536w, https:\/\/investinmanizales.org\/wp-content\/uploads\/2023\/03\/Nosotros_05-18x7.png 18w, https:\/\/investinmanizales.org\/wp-content\/uploads\/2023\/03\/Nosotros_05-600x233.png 600w\" sizes=\"(max-width: 1920px) 100vw, 1920px\" \/>\t\t\t\t\t\t\t\t\t\t\t\t\t\t\t<\/div>\n\t\t\t\t<\/div>\n\t\t\t\t\t<\/div>\n\t\t<\/div>\n\t\t\t\t\t<\/div>\n\t\t<\/section>\n\t\t\t\t<section class=\"elementor-section elementor-top-section elementor-element elementor-element-842e1cc elementor-section-full_width elementor-section-height-default elementor-section-height-default\" data-id=\"842e1cc\" data-element_type=\"section\" data-e-type=\"section\" data-settings=\"{&quot;_ha_eqh_enable&quot;:false}\">\n\t\t\t\t\t\t<div class=\"elementor-container elementor-column-gap-default\">\n\t\t\t\t\t<div class=\"elementor-column elementor-col-100 elementor-top-column elementor-element elementor-element-086a179\" data-id=\"086a179\" data-element_type=\"column\" data-e-type=\"column\">\n\t\t\t<div class=\"elementor-widget-wrap elementor-element-populated\">\n\t\t\t\t\t\t<section class=\"elementor-section elementor-inner-section elementor-element elementor-element-919552e elementor-section-full_width elementor-section-height-default elementor-section-height-default\" data-id=\"919552e\" data-element_type=\"section\" data-e-type=\"section\" data-settings=\"{&quot;_ha_eqh_enable&quot;:false}\">\n\t\t\t\t\t\t<div class=\"elementor-container elementor-column-gap-default\">\n\t\t\t\t\t<div class=\"elementor-column elementor-col-50 elementor-inner-column elementor-element elementor-element-b5848b9\" data-id=\"b5848b9\" data-element_type=\"column\" data-e-type=\"column\">\n\t\t\t<div class=\"elementor-widget-wrap elementor-element-populated\">\n\t\t\t\t\t\t<div class=\"elementor-element elementor-element-699dc24 elementor-widget elementor-widget-heading\" data-id=\"699dc24\" data-element_type=\"widget\" data-e-type=\"widget\" data-widget_type=\"heading.default\">\n\t\t\t\t<div class=\"elementor-widget-container\">\n\t\t\t\t\t<h1 class=\"elementor-heading-title elementor-size-default\">Irene Mej\u00eda Robledo<\/h1>\t\t\t\t<\/div>\n\t\t\t\t<\/div>\n\t\t\t\t<div class=\"elementor-element elementor-element-fed13b6 elementor-widget elementor-widget-heading\" data-id=\"fed13b6\" data-element_type=\"widget\" data-e-type=\"widget\" data-widget_type=\"heading.default\">\n\t\t\t\t<div class=\"elementor-widget-container\">\n\t\t\t\t\t<h2 class=\"elementor-heading-title elementor-size-default\">Directora Invest in Manizales<\/h2>\t\t\t\t<\/div>\n\t\t\t\t<\/div>\n\t\t\t\t<div class=\"elementor-element elementor-element-b601e62 elementor-widget elementor-widget-heading\" data-id=\"b601e62\" data-element_type=\"widget\" data-e-type=\"widget\" data-widget_type=\"heading.default\">\n\t\t\t\t<div class=\"elementor-widget-container\">\n\t\t\t\t\t<h3 class=\"elementor-heading-title elementor-size-default\">gerencia@investinmanizales.org<\/h3>\t\t\t\t<\/div>\n\t\t\t\t<\/div>\n\t\t\t\t\t<\/div>\n\t\t<\/div>\n\t\t\t\t<div class=\"elementor-column elementor-col-50 elementor-inner-column elementor-element elementor-element-0eeb76f\" data-id=\"0eeb76f\" data-element_type=\"column\" data-e-type=\"column\">\n\t\t\t<div class=\"elementor-widget-wrap elementor-element-populated\">\n\t\t\t\t\t\t<div class=\"elementor-element elementor-element-b04186c elementor-widget__width-initial elementor-widget elementor-widget-image\" data-id=\"b04186c\" data-element_type=\"widget\" data-e-type=\"widget\" data-widget_type=\"image.default\">\n\t\t\t\t<div class=\"elementor-widget-container\">\n\t\t\t\t\t\t\t\t\t\t\t\t\t\t\t<img decoding=\"async\" src=\"https:\/\/investinmanizales.org\/wp-content\/uploads\/elementor\/thumbs\/Foto-Irene-qk8pw8pvwcxeqtxfdg5brpm6flbidtm66aa9y6gtsi.jpg\" title=\"Foto Irene\" alt=\"Foto Irene\" loading=\"lazy\" \/>\t\t\t\t\t\t\t\t\t\t\t\t\t\t\t<\/div>\n\t\t\t\t<\/div>\n\t\t\t\t\t<\/div>\n\t\t<\/div>\n\t\t\t\t\t<\/div>\n\t\t<\/section>\n\t\t\t\t\t<\/div>\n\t\t<\/div>\n\t\t\t\t\t<\/div>\n\t\t<\/section>\n\t\t\t\t<\/div>","protected":false},"excerpt":{"rendered":"<p>\u00bfQui\u00e9nessomos? Somos la agencia que promueve a Manizales y Caldas a nivel nacional e internacional en materia de inversi\u00f3n. Somos una alianza entre la C\u00e1mara de Comercio de Manizales por Caldas, La Gobernaci\u00f3n de Caldas y La Alcald\u00eda de Manizales. Nuestra raz\u00f3n de ser Ser el promotor n\u00famero uno de Manizales y Caldas en el [&hellip;]<\/p>\n","protected":false},"author":1,"featured_media":0,"parent":0,"menu_order":0,"comment_status":"closed","ping_status":"closed","template":"","meta":{"footnotes":""},"class_list":["post-1060","page","type-page","status-publish","hentry"],"yoast_head":"<!-- This site is optimized with the Yoast SEO Premium plugin v22.1 (Yoast SEO v27.4) - https:\/\/yoast.com\/product\/yoast-seo-premium-wordpress\/ -->\n<title>Nosotros - Invest In Manizales<\/title>\n<meta name=\"robots\" content=\"index, follow, max-snippet:-1, max-image-preview:large, max-video-preview:-1\" \/>\n<link rel=\"canonical\" href=\"https:\/\/investinmanizales.org\/en\/nosotros-2\/\" \/>\n<meta property=\"og:locale\" content=\"en_US\" \/>\n<meta property=\"og:type\" content=\"article\" \/>\n<meta property=\"og:title\" content=\"Nosotros\" \/>\n<meta property=\"og:description\" content=\"\u00bfQui\u00e9nessomos? Somos la agencia que promueve a Manizales y Caldas a nivel nacional e internacional en materia de inversi\u00f3n. Somos una alianza entre la C\u00e1mara de Comercio de Manizales por Caldas, La Gobernaci\u00f3n de Caldas y La Alcald\u00eda de Manizales. Nuestra raz\u00f3n de ser Ser el promotor n\u00famero uno de Manizales y Caldas en el [&hellip;]\" \/>\n<meta property=\"og:url\" content=\"https:\/\/investinmanizales.org\/en\/nosotros-2\/\" \/>\n<meta property=\"og:site_name\" content=\"Invest In Manizales\" \/>\n<meta property=\"article:modified_time\" content=\"2024-09-27T03:12:23+00:00\" \/>\n<meta property=\"og:image\" content=\"https:\/\/investinmanizales.org\/wp-content\/uploads\/2023\/03\/Nosotros_02.png\" \/>\n<meta name=\"twitter:card\" content=\"summary_large_image\" \/>\n<meta name=\"twitter:label1\" content=\"Est. reading time\" \/>\n\t<meta name=\"twitter:data1\" content=\"2 minutes\" \/>\n<script type=\"application\/ld+json\" class=\"yoast-schema-graph\">{\"@context\":\"https:\\\/\\\/schema.org\",\"@graph\":[{\"@type\":\"WebPage\",\"@id\":\"https:\\\/\\\/investinmanizales.org\\\/nosotros-2\\\/\",\"url\":\"https:\\\/\\\/investinmanizales.org\\\/nosotros-2\\\/\",\"name\":\"Nosotros - Invest In Manizales\",\"isPartOf\":{\"@id\":\"https:\\\/\\\/investinmanizales.org\\\/#website\"},\"primaryImageOfPage\":{\"@id\":\"https:\\\/\\\/investinmanizales.org\\\/nosotros-2\\\/#primaryimage\"},\"image\":{\"@id\":\"https:\\\/\\\/investinmanizales.org\\\/nosotros-2\\\/#primaryimage\"},\"thumbnailUrl\":\"https:\\\/\\\/investinmanizales.org\\\/wp-content\\\/uploads\\\/2023\\\/03\\\/Nosotros_02.png\",\"datePublished\":\"2021-02-05T15:23:37+00:00\",\"dateModified\":\"2024-09-27T03:12:23+00:00\",\"breadcrumb\":{\"@id\":\"https:\\\/\\\/investinmanizales.org\\\/nosotros-2\\\/#breadcrumb\"},\"inLanguage\":\"en-US\",\"potentialAction\":[{\"@type\":\"ReadAction\",\"target\":[\"https:\\\/\\\/investinmanizales.org\\\/nosotros-2\\\/\"]}]},{\"@type\":\"ImageObject\",\"inLanguage\":\"en-US\",\"@id\":\"https:\\\/\\\/investinmanizales.org\\\/nosotros-2\\\/#primaryimage\",\"url\":\"https:\\\/\\\/investinmanizales.org\\\/wp-content\\\/uploads\\\/2023\\\/03\\\/Nosotros_02.png\",\"contentUrl\":\"https:\\\/\\\/investinmanizales.org\\\/wp-content\\\/uploads\\\/2023\\\/03\\\/Nosotros_02.png\"},{\"@type\":\"BreadcrumbList\",\"@id\":\"https:\\\/\\\/investinmanizales.org\\\/nosotros-2\\\/#breadcrumb\",\"itemListElement\":[{\"@type\":\"ListItem\",\"position\":1,\"name\":\"Portada\",\"item\":\"https:\\\/\\\/investinmanizales.org\\\/\"},{\"@type\":\"ListItem\",\"position\":2,\"name\":\"Nosotros\"}]},{\"@type\":\"WebSite\",\"@id\":\"https:\\\/\\\/investinmanizales.org\\\/#website\",\"url\":\"https:\\\/\\\/investinmanizales.org\\\/\",\"name\":\"Invest In Manizales\",\"description\":\"Sitio oficial de Invest in Manizales la agencia encargada de la atracci\u00f3n de inversi\u00f3n para Manizales\",\"publisher\":{\"@id\":\"https:\\\/\\\/investinmanizales.org\\\/#organization\"},\"potentialAction\":[{\"@type\":\"SearchAction\",\"target\":{\"@type\":\"EntryPoint\",\"urlTemplate\":\"https:\\\/\\\/investinmanizales.org\\\/?s={search_term_string}\"},\"query-input\":{\"@type\":\"PropertyValueSpecification\",\"valueRequired\":true,\"valueName\":\"search_term_string\"}}],\"inLanguage\":\"en-US\"},{\"@type\":\"Organization\",\"@id\":\"https:\\\/\\\/investinmanizales.org\\\/#organization\",\"name\":\"Invest In Manizales\",\"url\":\"https:\\\/\\\/investinmanizales.org\\\/\",\"logo\":{\"@type\":\"ImageObject\",\"inLanguage\":\"en-US\",\"@id\":\"https:\\\/\\\/investinmanizales.org\\\/#\\\/schema\\\/logo\\\/image\\\/\",\"url\":\"https:\\\/\\\/investinmanizales.org\\\/wp-content\\\/uploads\\\/2020\\\/12\\\/LogoInvestNegativo.png\",\"contentUrl\":\"https:\\\/\\\/investinmanizales.org\\\/wp-content\\\/uploads\\\/2020\\\/12\\\/LogoInvestNegativo.png\",\"width\":350,\"height\":100,\"caption\":\"Invest In Manizales\"},\"image\":{\"@id\":\"https:\\\/\\\/investinmanizales.org\\\/#\\\/schema\\\/logo\\\/image\\\/\"}}]}<\/script>\n<!-- \/ Yoast SEO Premium plugin. -->","yoast_head_json":{"title":"Nosotros - Invest In Manizales","robots":{"index":"index","follow":"follow","max-snippet":"max-snippet:-1","max-image-preview":"max-image-preview:large","max-video-preview":"max-video-preview:-1"},"canonical":"https:\/\/investinmanizales.org\/en\/nosotros-2\/","og_locale":"en_US","og_type":"article","og_title":"Nosotros","og_description":"\u00bfQui\u00e9nessomos? Somos la agencia que promueve a Manizales y Caldas a nivel nacional e internacional en materia de inversi\u00f3n. Somos una alianza entre la C\u00e1mara de Comercio de Manizales por Caldas, La Gobernaci\u00f3n de Caldas y La Alcald\u00eda de Manizales. Nuestra raz\u00f3n de ser Ser el promotor n\u00famero uno de Manizales y Caldas en el [&hellip;]","og_url":"https:\/\/investinmanizales.org\/en\/nosotros-2\/","og_site_name":"Invest In Manizales","article_modified_time":"2024-09-27T03:12:23+00:00","og_image":[{"url":"https:\/\/investinmanizales.org\/wp-content\/uploads\/2023\/03\/Nosotros_02.png","type":"","width":"","height":""}],"twitter_card":"summary_large_image","twitter_misc":{"Est. reading time":"2 minutes"},"schema":{"@context":"https:\/\/schema.org","@graph":[{"@type":"WebPage","@id":"https:\/\/investinmanizales.org\/nosotros-2\/","url":"https:\/\/investinmanizales.org\/nosotros-2\/","name":"Nosotros - Invest In Manizales","isPartOf":{"@id":"https:\/\/investinmanizales.org\/#website"},"primaryImageOfPage":{"@id":"https:\/\/investinmanizales.org\/nosotros-2\/#primaryimage"},"image":{"@id":"https:\/\/investinmanizales.org\/nosotros-2\/#primaryimage"},"thumbnailUrl":"https:\/\/investinmanizales.org\/wp-content\/uploads\/2023\/03\/Nosotros_02.png","datePublished":"2021-02-05T15:23:37+00:00","dateModified":"2024-09-27T03:12:23+00:00","breadcrumb":{"@id":"https:\/\/investinmanizales.org\/nosotros-2\/#breadcrumb"},"inLanguage":"en-US","potentialAction":[{"@type":"ReadAction","target":["https:\/\/investinmanizales.org\/nosotros-2\/"]}]},{"@type":"ImageObject","inLanguage":"en-US","@id":"https:\/\/investinmanizales.org\/nosotros-2\/#primaryimage","url":"https:\/\/investinmanizales.org\/wp-content\/uploads\/2023\/03\/Nosotros_02.png","contentUrl":"https:\/\/investinmanizales.org\/wp-content\/uploads\/2023\/03\/Nosotros_02.png"},{"@type":"BreadcrumbList","@id":"https:\/\/investinmanizales.org\/nosotros-2\/#breadcrumb","itemListElement":[{"@type":"ListItem","position":1,"name":"Portada","item":"https:\/\/investinmanizales.org\/"},{"@type":"ListItem","position":2,"name":"Nosotros"}]},{"@type":"WebSite","@id":"https:\/\/investinmanizales.org\/#website","url":"https:\/\/investinmanizales.org\/","name":"Invest In Manizales","description":"Sitio oficial de Invest in Manizales la agencia encargada de la atracci\u00f3n de inversi\u00f3n para Manizales","publisher":{"@id":"https:\/\/investinmanizales.org\/#organization"},"potentialAction":[{"@type":"SearchAction","target":{"@type":"EntryPoint","urlTemplate":"https:\/\/investinmanizales.org\/?s={search_term_string}"},"query-input":{"@type":"PropertyValueSpecification","valueRequired":true,"valueName":"search_term_string"}}],"inLanguage":"en-US"},{"@type":"Organization","@id":"https:\/\/investinmanizales.org\/#organization","name":"Invest In Manizales","url":"https:\/\/investinmanizales.org\/","logo":{"@type":"ImageObject","inLanguage":"en-US","@id":"https:\/\/investinmanizales.org\/#\/schema\/logo\/image\/","url":"https:\/\/investinmanizales.org\/wp-content\/uploads\/2020\/12\/LogoInvestNegativo.png","contentUrl":"https:\/\/investinmanizales.org\/wp-content\/uploads\/2020\/12\/LogoInvestNegativo.png","width":350,"height":100,"caption":"Invest In Manizales"},"image":{"@id":"https:\/\/investinmanizales.org\/#\/schema\/logo\/image\/"}}]}},"_links":{"self":[{"href":"https:\/\/investinmanizales.org\/en\/wp-json\/wp\/v2\/pages\/1060","targetHints":{"allow":["GET"]}}],"collection":[{"href":"https:\/\/investinmanizales.org\/en\/wp-json\/wp\/v2\/pages"}],"about":[{"href":"https:\/\/investinmanizales.org\/en\/wp-json\/wp\/v2\/types\/page"}],"author":[{"embeddable":true,"href":"https:\/\/investinmanizales.org\/en\/wp-json\/wp\/v2\/users\/1"}],"replies":[{"embeddable":true,"href":"https:\/\/investinmanizales.org\/en\/wp-json\/wp\/v2\/comments?post=1060"}],"version-history":[{"count":420,"href":"https:\/\/investinmanizales.org\/en\/wp-json\/wp\/v2\/pages\/1060\/revisions"}],"predecessor-version":[{"id":4559,"href":"https:\/\/investinmanizales.org\/en\/wp-json\/wp\/v2\/pages\/1060\/revisions\/4559"}],"wp:attachment":[{"href":"https:\/\/investinmanizales.org\/en\/wp-json\/wp\/v2\/media?parent=1060"}],"curies":[{"name":"wp","href":"https:\/\/api.w.org\/{rel}","templated":true}]}}